{"id":285,"date":"2018-03-06T13:59:25","date_gmt":"2018-03-06T12:59:25","guid":{"rendered":"https:\/\/www.thiemard.info\/horlogerie\/?page_id=285"},"modified":"2018-03-06T14:09:20","modified_gmt":"2018-03-06T13:09:20","slug":"demande-de-devis","status":"publish","type":"page","link":"https:\/\/www.thiemard.info\/horlogerie\/demande-de-devis\/","title":{"rendered":"Demande de devis"},"content":{"rendered":"<p>En mati\u00e8re de devis, nous proc\u00e9dons comme ceci :<\/p>\n<ul>\n<li>Au moyen du formulaire ci-dessous, adressez-nous une demande de devis.<\/li>\n<li>A l&rsquo;aide de vos informations, que nous compl\u00e9terons \u00e9ventuellement en vous contactant, nous vous adressons un devis sous r\u00e9serve.<\/li>\n<li>Cela veut dire que celui-ci ne sera confirm\u00e9 que lorsque nous serons en possession de l&rsquo;objet, ce qui est le cas la plupart du temps.<\/li>\n<li>Si l&rsquo;objet demande une intervention plus pouss\u00e9e, nous vous adresserons un autre devis.<\/li>\n<li>Le devis est gratuit.<\/li>\n<li>Dans le cas de refus du devis ou d&rsquo;impossibilit\u00e9 pour nous de faire le travail, le retour de l&rsquo;objet non r\u00e9par\u00e9 sera factur\u00e9 au tarif postal (colis suivi contre signature) + 4,- CHF d&#8217;emballage.<\/li>\n<\/ul>\n<h4>Veuillez remplir le formulaire ci-dessous. Merci !<\/h4>\n<div role=\"form\" class=\"wpcf7\" id=\"wpcf7-f282-o1\" lang=\"fr-FR\" dir=\"ltr\">\n<div class=\"screen-reader-response\"><p role=\"status\" aria-live=\"polite\" aria-atomic=\"true\"><\/p> <ul><\/ul><\/div>\n<form action=\"\/horlogerie\/wp-json\/wp\/v2\/pages\/285#wpcf7-f282-o1\" method=\"post\" class=\"wpcf7-form init\" enctype=\"multipart\/form-data\" novalidate=\"novalidate\" data-status=\"init\">\n<div style=\"display: none;\">\n<input type=\"hidden\" name=\"_wpcf7\" value=\"282\" \/>\n<input type=\"hidden\" name=\"_wpcf7_version\" value=\"5.3.2\" \/>\n<input type=\"hidden\" name=\"_wpcf7_locale\" value=\"fr_FR\" \/>\n<input type=\"hidden\" name=\"_wpcf7_unit_tag\" value=\"wpcf7-f282-o1\" \/>\n<input type=\"hidden\" name=\"_wpcf7_container_post\" value=\"0\" \/>\n<input type=\"hidden\" name=\"_wpcf7_posted_data_hash\" value=\"\" \/>\n<\/div>\n<p><label> Votre nom (obligatoire)<br \/>\n    <span class=\"wpcf7-form-control-wrap your-name\"><input type=\"text\" name=\"your-name\" value=\"\" size=\"40\" class=\"wpcf7-form-control wpcf7-text wpcf7-validates-as-required\" aria-required=\"true\" aria-invalid=\"false\" \/><\/span> <\/label><\/p>\n<p><label> Votre adresse de messagerie (obligatoire)<br \/>\n    <span class=\"wpcf7-form-control-wrap your-email\"><input type=\"email\" name=\"your-email\" value=\"\" size=\"40\" class=\"wpcf7-form-control wpcf7-text wpcf7-email wpcf7-validates-as-required wpcf7-validates-as-email\" aria-required=\"true\" aria-invalid=\"false\" \/><\/span> <\/label><\/p>\n<p><label> Type d'objet<br \/>\n<span class=\"wpcf7-form-control-wrap your-object\"><select name=\"your-object\" class=\"wpcf7-form-control wpcf7-select wpcf7-validates-as-required\" aria-required=\"true\" aria-invalid=\"false\"><option value=\"montre m\u00e9canique\">montre m\u00e9canique<\/option><option value=\"montre m\u00e9canique\">montre m\u00e9canique<\/option><option value=\"montre \u00e0 quartz\">montre \u00e0 quartz<\/option><option value=\"r\u00e9veil\">r\u00e9veil<\/option><option value=\"horloge\">horloge<\/option><option value=\"jouet m\u00e9canique\">jouet m\u00e9canique<\/option><\/select><\/span> <\/label><\/p>\n<p><label> Description courte de votre objet<br \/>\n    <span class=\"wpcf7-form-control-wrap your-subject\"><input type=\"text\" name=\"your-subject\" value=\"\" size=\"40\" class=\"wpcf7-form-control wpcf7-text\" aria-invalid=\"false\" \/><\/span> <\/label><\/p>\n<p><label> D\u00e9tail de votre objet<br \/>\n    <span class=\"wpcf7-form-control-wrap your-message\"><textarea name=\"your-message\" cols=\"40\" rows=\"10\" class=\"wpcf7-form-control wpcf7-textarea\" aria-invalid=\"false\"><\/textarea><\/span> <\/label><\/p>\n<p><label> D\u00e9tail de votre demande<br \/>\n    <span class=\"wpcf7-form-control-wrap your-message2\"><textarea name=\"your-message2\" cols=\"40\" rows=\"10\" class=\"wpcf7-form-control wpcf7-textarea\" aria-invalid=\"false\"><\/textarea><\/span> <\/label><\/p>\n<p><label> D\u00e9lai souhait\u00e9<br \/>\n    <span class=\"wpcf7-form-control-wrap your-deadline\"><input type=\"text\" name=\"your-deadline\" value=\"\" size=\"40\" class=\"wpcf7-form-control wpcf7-text\" aria-invalid=\"false\" \/><\/span> <\/label><\/p>\n<p><label> Photo \u00e9ventuelle (max. 2Mb, en jpg, gif ou png)<br \/>\n    <span class=\"wpcf7-form-control-wrap file-208\"><input type=\"file\" name=\"file-208\" size=\"40\" class=\"wpcf7-form-control wpcf7-file\" accept=\".jpg,.gif,.jpeg,.png\" aria-invalid=\"false\" \/><\/span> <\/label><\/p>\n<p><input type=\"submit\" value=\"Envoyer\" class=\"wpcf7-form-control wpcf7-submit\" \/><\/p>\n<div class=\"wpcf7-response-output\" aria-hidden=\"true\"><\/div><\/form><\/div>\n","protected":false},"excerpt":{"rendered":"<p>En mati\u00e8re de devis, nous proc\u00e9dons comme ceci : Au moyen du formulaire ci-dessous, adressez-nous une demande de devis. A &hellip;<\/p>\n","protected":false},"author":1,"featured_media":0,"parent":0,"menu_order":0,"comment_status":"closed","ping_status":"closed","template":"","meta":[],"categories":[],"tags":[],"_links":{"self":[{"href":"https:\/\/www.thiemard.info\/horlogerie\/wp-json\/wp\/v2\/pages\/285"}],"collection":[{"href":"https:\/\/www.thiemard.info\/horlogerie\/wp-json\/wp\/v2\/pages"}],"about":[{"href":"https:\/\/www.thiemard.info\/horlogerie\/wp-json\/wp\/v2\/types\/page"}],"author":[{"embeddable":true,"href":"https:\/\/www.thiemard.info\/horlogerie\/wp-json\/wp\/v2\/users\/1"}],"replies":[{"embeddable":true,"href":"https:\/\/www.thiemard.info\/horlogerie\/wp-json\/wp\/v2\/comments?post=285"}],"version-history":[{"count":4,"href":"https:\/\/www.thiemard.info\/horlogerie\/wp-json\/wp\/v2\/pages\/285\/revisions"}],"predecessor-version":[{"id":291,"href":"https:\/\/www.thiemard.info\/horlogerie\/wp-json\/wp\/v2\/pages\/285\/revisions\/291"}],"wp:attachment":[{"href":"https:\/\/www.thiemard.info\/horlogerie\/wp-json\/wp\/v2\/media?parent=285"}],"wp:term":[{"taxonomy":"category","embeddable":true,"href":"https:\/\/www.thiemard.info\/horlogerie\/wp-json\/wp\/v2\/categories?post=285"},{"taxonomy":"post_tag","embeddable":true,"href":"https:\/\/www.thiemard.info\/horlogerie\/wp-json\/wp\/v2\/tags?post=285"}],"curies":[{"name":"wp","href":"https:\/\/api.w.org\/{rel}","templated":true}]}}