{"id":267,"date":"2018-03-04T21:57:45","date_gmt":"2018-03-04T20:57:45","guid":{"rendered":"https:\/\/www.thiemard.info\/horlogerie\/?page_id=267"},"modified":"2021-01-31T18:18:38","modified_gmt":"2021-01-31T17:18:38","slug":"nous-contacter","status":"publish","type":"page","link":"https:\/\/www.thiemard.info\/horlogerie\/nous-contacter\/","title":{"rendered":"Nous contacter"},"content":{"rendered":"\t\t<div data-elementor-type=\"wp-page\" data-elementor-id=\"267\" class=\"elementor elementor-267 elementor-bc-flex-widget\">\n\t\t\t\t\t\t<div class=\"elementor-inner\">\n\t\t\t\t<div class=\"elementor-section-wrap\">\n\t\t\t\t\t\t\t\t\t<section class=\"elementor-section elementor-top-section elementor-element elementor-element-1912e60d elementor-section-boxed elementor-section-height-default elementor-section-height-default\" data-id=\"1912e60d\" data-element_type=\"section\">\n\t\t\t\t\t\t<div class=\"elementor-container elementor-column-gap-default\">\n\t\t\t\t\t\t\t<div class=\"elementor-row\">\n\t\t\t\t\t<div class=\"elementor-column elementor-col-100 elementor-top-column elementor-element elementor-element-9d9c4cd\" data-id=\"9d9c4cd\" data-element_type=\"column\">\n\t\t\t<div class=\"elementor-column-wrap elementor-element-populated\">\n\t\t\t\t\t\t\t<div class=\"elementor-widget-wrap\">\n\t\t\t\t\t\t<div class=\"elementor-element elementor-element-3b67a67e elementor-widget elementor-widget-text-editor\" data-id=\"3b67a67e\" data-element_type=\"widget\" data-widget_type=\"text-editor.default\">\n\t\t\t\t<div class=\"elementor-widget-container\">\n\t\t\t\t\t\t\t\t<div class=\"elementor-text-editor elementor-clearfix\">\n\t\t\t\t<p><img loading=\"lazy\" class=\"wp-image-374 alignright\" src=\"https:\/\/www.thiemard.info\/horlogerie\/wp-content\/uploads\/2018\/09\/IMG_20180906_153816.jpg\" alt=\"\" width=\"484\" height=\"363\" srcset=\"https:\/\/www.thiemard.info\/horlogerie\/wp-content\/uploads\/2018\/09\/IMG_20180906_153816.jpg 3200w, https:\/\/www.thiemard.info\/horlogerie\/wp-content\/uploads\/2018\/09\/IMG_20180906_153816-300x225.jpg 300w, https:\/\/www.thiemard.info\/horlogerie\/wp-content\/uploads\/2018\/09\/IMG_20180906_153816-768x576.jpg 768w, https:\/\/www.thiemard.info\/horlogerie\/wp-content\/uploads\/2018\/09\/IMG_20180906_153816-1024x768.jpg 1024w, https:\/\/www.thiemard.info\/horlogerie\/wp-content\/uploads\/2018\/09\/IMG_20180906_153816-458x344.jpg 458w\" sizes=\"(max-width: 484px) 100vw, 484px\" \/>Dans un premier temps, merci de nous contacter via ce formulaire. <strong>Une r\u00e9ponse vous sera adress\u00e9e tr\u00e8s rapidement.<\/strong><\/p><p><em>Photo : Helio et Rapha\u00ebl Thi\u00e9mard.<\/em><\/p><div style=\"clear: both;\">\u00a0<\/div><div role=\"form\" class=\"wpcf7\" id=\"wpcf7-f268-o1\" lang=\"fr-FR\" dir=\"ltr\">\n<div class=\"screen-reader-response\"><p role=\"status\" aria-live=\"polite\" aria-atomic=\"true\"><\/p> <ul><\/ul><\/div>\n<form action=\"\/horlogerie\/wp-json\/wp\/v2\/pages\/267#wpcf7-f268-o1\" method=\"post\" class=\"wpcf7-form init\" novalidate=\"novalidate\" data-status=\"init\">\n<div style=\"display: none;\">\n<input type=\"hidden\" name=\"_wpcf7\" value=\"268\" \/>\n<input type=\"hidden\" name=\"_wpcf7_version\" value=\"5.3.2\" \/>\n<input type=\"hidden\" name=\"_wpcf7_locale\" value=\"fr_FR\" \/>\n<input type=\"hidden\" name=\"_wpcf7_unit_tag\" value=\"wpcf7-f268-o1\" \/>\n<input type=\"hidden\" name=\"_wpcf7_container_post\" value=\"0\" \/>\n<input type=\"hidden\" name=\"_wpcf7_posted_data_hash\" value=\"\" \/>\n<\/div>\n<p><label> Votre nom (obligatoire)<br \/>\n    <span class=\"wpcf7-form-control-wrap your-name\"><input type=\"text\" name=\"your-name\" value=\"\" size=\"40\" class=\"wpcf7-form-control wpcf7-text wpcf7-validates-as-required\" aria-required=\"true\" aria-invalid=\"false\" \/><\/span> <\/label><\/p>\n<p><label> Votre adresse de messagerie (obligatoire)<br \/>\n    <span class=\"wpcf7-form-control-wrap your-email\"><input type=\"email\" name=\"your-email\" value=\"\" size=\"40\" class=\"wpcf7-form-control wpcf7-text wpcf7-email wpcf7-validates-as-required wpcf7-validates-as-email\" aria-required=\"true\" aria-invalid=\"false\" \/><\/span> <\/label><\/p>\n<p><label> Objet<br \/>\n    <span class=\"wpcf7-form-control-wrap your-subject\"><input type=\"text\" name=\"your-subject\" value=\"\" size=\"40\" class=\"wpcf7-form-control wpcf7-text\" aria-invalid=\"false\" \/><\/span> <\/label><\/p>\n<p><label> Votre message<br \/>\n    <span class=\"wpcf7-form-control-wrap your-message\"><textarea name=\"your-message\" cols=\"40\" rows=\"10\" class=\"wpcf7-form-control wpcf7-textarea\" aria-invalid=\"false\"><\/textarea><\/span> <\/label><\/p>\n<p><input type=\"submit\" value=\"Envoyer\" class=\"wpcf7-form-control wpcf7-submit\" \/><\/p>\n<div class=\"wpcf7-response-output\" aria-hidden=\"true\"><\/div><\/form><\/div>\t\t\t\t\t<\/div>\n\t\t\t\t\t\t<\/div>\n\t\t\t\t<\/div>\n\t\t\t\t\t\t<\/div>\n\t\t\t\t\t<\/div>\n\t\t<\/div>\n\t\t\t\t\t\t\t\t<\/div>\n\t\t\t\t\t<\/div>\n\t\t<\/section>\n\t\t\t\t\t\t\t\t\t<\/div>\n\t\t\t<\/div>\n\t\t\t\t\t<\/div>\n\t\t","protected":false},"excerpt":{"rendered":"<p>Dans un premier temps, merci de nous contacter via ce formulaire. Une r\u00e9ponse vous sera adress\u00e9e tr\u00e8s rapidement. Photo : &hellip;<\/p>\n","protected":false},"author":1,"featured_media":0,"parent":0,"menu_order":0,"comment_status":"closed","ping_status":"closed","template":"","meta":[],"categories":[],"tags":[],"_links":{"self":[{"href":"https:\/\/www.thiemard.info\/horlogerie\/wp-json\/wp\/v2\/pages\/267"}],"collection":[{"href":"https:\/\/www.thiemard.info\/horlogerie\/wp-json\/wp\/v2\/pages"}],"about":[{"href":"https:\/\/www.thiemard.info\/horlogerie\/wp-json\/wp\/v2\/types\/page"}],"author":[{"embeddable":true,"href":"https:\/\/www.thiemard.info\/horlogerie\/wp-json\/wp\/v2\/users\/1"}],"replies":[{"embeddable":true,"href":"https:\/\/www.thiemard.info\/horlogerie\/wp-json\/wp\/v2\/comments?post=267"}],"version-history":[{"count":7,"href":"https:\/\/www.thiemard.info\/horlogerie\/wp-json\/wp\/v2\/pages\/267\/revisions"}],"predecessor-version":[{"id":385,"href":"https:\/\/www.thiemard.info\/horlogerie\/wp-json\/wp\/v2\/pages\/267\/revisions\/385"}],"wp:attachment":[{"href":"https:\/\/www.thiemard.info\/horlogerie\/wp-json\/wp\/v2\/media?parent=267"}],"wp:term":[{"taxonomy":"category","embeddable":true,"href":"https:\/\/www.thiemard.info\/horlogerie\/wp-json\/wp\/v2\/categories?post=267"},{"taxonomy":"post_tag","embeddable":true,"href":"https:\/\/www.thiemard.info\/horlogerie\/wp-json\/wp\/v2\/tags?post=267"}],"curies":[{"name":"wp","href":"https:\/\/api.w.org\/{rel}","templated":true}]}}